{"id":14,"date":"2011-10-13T18:37:18","date_gmt":"2011-10-13T18:37:18","guid":{"rendered":"http:\/\/www.uwe-burkert.de\/radler\/?page_id=14"},"modified":"2018-02-27T13:31:53","modified_gmt":"2018-02-27T12:31:53","slug":"privater-blog","status":"publish","type":"page","link":"https:\/\/www.uwe-burkert.de\/radler\/","title":{"rendered":"Willkommen bei den Jenaer Radlerfreunden."},"content":{"rendered":"<p><strong><img loading=\"lazy\" decoding=\"async\" class=\"alignnone size-full wp-image-2357\" src=\"https:\/\/www.uwe-burkert.de\/radler\/wp-content\/uploads\/2018\/02\/privat-1.png\" alt=\"\" width=\"108\" height=\"108\"\/>&nbsp;Privater Blog.<\/strong><\/p>\n<p><strong>Sorry &#8211;<\/strong> dies ist ein privater Blog &#8211; Du mu\u00dft ein Mitglied unseres &#8222;<em>Vereins<\/em>&#8220; sein um hier etwas lesen und oder schreiben zu k\u00f6nnen. Davon ausgenommen sind Seiten oder Artikel die wir als \u00f6ffentlich einstellen.<\/p>\n<p><strong>Unsere Mitglieder k\u00f6nnen sich <a title=\"Anmeldung\" href=\"https:\/\/www.uwe-burkert.de\/radler\/wp-login.php?redirect_to=http%3A%2F%2Fwww.uwe-burkert.de%2Fradler%2F\">hier<\/a> anmelden.<br \/>\n<\/strong>Neue Beitr\u00e4ge stehen jetzt auf der Seite &#8222;<a href=\"https:\/\/www.uwe-burkert.de\/radler\/?page_id=2328\"><strong><em>News<\/em><\/strong><\/a>&#8222;.<\/p>\n","protected":false},"excerpt":{"rendered":"<p><strong>&nbsp;Privater Blog.<\/strong><\/p>\n<p><strong>Sorry &#8211;<\/strong> dies ist ein privater Blog &#8211; Du mu\u00dft ein Mitglied unseres &#8222;Vereins&#8220; sein um hier etwas lesen und oder schreiben zu k\u00f6nnen. Davon ausgenommen sind Seiten oder Artikel die wir als \u00f6ffentlich einstellen.<\/p>\n<p><strong>Unsere Mitglieder k\u00f6nnen sich hier anmelden.<br \/> <\/strong>Neue Beitr\u00e4ge stehen jetzt auf der Seite &#8222;<strong>News<\/strong>&#8222;.<\/p>\n","protected":false},"author":1,"featured_media":0,"parent":0,"menu_order":0,"comment_status":"closed","ping_status":"closed","template":"","meta":{"ngg_post_thumbnail":0,"footnotes":""},"class_list":["post-14","page","type-page","status-publish","hentry","nodate","item-wrap"],"jetpack_sharing_enabled":true,"_links":{"self":[{"href":"https:\/\/www.uwe-burkert.de\/radler\/index.php?rest_route=\/wp\/v2\/pages\/14","targetHints":{"allow":["GET"]}}],"collection":[{"href":"https:\/\/www.uwe-burkert.de\/radler\/index.php?rest_route=\/wp\/v2\/pages"}],"about":[{"href":"https:\/\/www.uwe-burkert.de\/radler\/index.php?rest_route=\/wp\/v2\/types\/page"}],"author":[{"embeddable":true,"href":"https:\/\/www.uwe-burkert.de\/radler\/index.php?rest_route=\/wp\/v2\/users\/1"}],"replies":[{"embeddable":true,"href":"https:\/\/www.uwe-burkert.de\/radler\/index.php?rest_route=%2Fwp%2Fv2%2Fcomments&post=14"}],"version-history":[{"count":22,"href":"https:\/\/www.uwe-burkert.de\/radler\/index.php?rest_route=\/wp\/v2\/pages\/14\/revisions"}],"predecessor-version":[{"id":2360,"href":"https:\/\/www.uwe-burkert.de\/radler\/index.php?rest_route=\/wp\/v2\/pages\/14\/revisions\/2360"}],"wp:attachment":[{"href":"https:\/\/www.uwe-burkert.de\/radler\/index.php?rest_route=%2Fwp%2Fv2%2Fmedia&parent=14"}],"curies":[{"name":"wp","href":"https:\/\/api.w.org\/{rel}","templated":true}]}}