{"id":14,"date":"2008-12-12T08:19:03","date_gmt":"2008-12-12T07:19:03","guid":{"rendered":"http:\/\/www.uwe-burkert.de\/?page_id=14"},"modified":"2018-05-18T09:53:25","modified_gmt":"2018-05-18T08:53:25","slug":"kontakt","status":"publish","type":"page","link":"https:\/\/www.uwe-burkert.de\/?page_id=14","title":{"rendered":"Kontakt"},"content":{"rendered":"<p><strong>Kontakt-Informationen<\/strong><\/p>\n<p>Uwe Burkert<br \/>\nAm Planetarium 18<br \/>\n07743 Jena<br \/>\n<strong><br \/>\nNutzungsbedingungen<\/strong><br \/>\n1. Links<br \/>\nMit Urteil vom 12. Mai 1998 &#8211; 312 O 85\/98 &#8211; &#8222;Haftung f\u00fcr Links&#8220; hat das Landgericht Hamburg entschieden, dass man durch die Anbringung eines Links, die Inhalte der gelinkten Seite ggf. mit zu verantworten hat. Dies kann nur dadurch verhindert werden, dass man sich ausdr\u00fccklich von diesen Inhalten distanziert.<br \/>\nHiermit distanziere ich mich ausdr\u00fccklich von allen Inhalten aller gelinkten Seiten auf meiner Website. F\u00fcr den Inhalt dieser gelinkten Seiten \u00fcbernehmen ich keine Verantwortung. Alle Links dieser Homepage verbinden Sie mit Internetseiten fremder Unternehmen, Beh\u00f6rden oder Privatpersonen. Verantwortlich f\u00fcr den Inhalt dieser Links ist der Betreiber der jeweiligen Internet-Angebote.<\/p>\n<p>Siehe auch unter www.denic.de<br \/>\n2. Copyright<br \/>\nAlle Markennamen, Firmennamen oder Logos sind Warenzeichen der jeweiligen Unternehmen bzw. Rechte-Inhaber.<br \/>\nF\u00fcr alle durch mich erstellten Texte, Fotos und Grafiken auf meiner Homepage und f\u00fcr die Homepage selbst beanspruche ich das weltweite Copyright, dieses gilt nicht f\u00fcr den Inhalt externer Internetseiten und f\u00fcr Warenzeichen, Logos, Fotos, Markennamen oder Scripts bzw. Programme fremder Unternehmen, Beh\u00f6rden oder Privatpersonen.<br \/>\nIm Rahmen meines Copyrights gestatte ich Webmastern auf meine Internet-Seite zu verweisen.<br \/>\nAusnahmen bilden Internet-Seiten mit sittenwidrigem, strafbaren oder politischen Inhalt. Diesen Internetseiten ist jeder Link auf meine Internetseiten bei Androhung von straf- und zivilrechtlicher Verfolgung untersagt.<\/p>\n","protected":false},"excerpt":{"rendered":"<p>Kontakt-Informationen Uwe Burkert Am Planetarium 18 07743 Jena Nutzungsbedingungen 1. Links Mit Urteil vom 12. Mai 1998 &#8211; 312 O 85\/98 &#8211; &#8222;Haftung f\u00fcr Links&#8220; hat das Landgericht Hamburg entschieden, dass man durch die Anbringung eines Links, die Inhalte der &hellip;<\/p>\n<p class=\"read-more\"> <a class=\"more-link\" href=\"https:\/\/www.uwe-burkert.de\/?page_id=14\"> <span class=\"screen-reader-text\">Kontakt<\/span> Weiterlesen &raquo;<\/a><\/p>\n","protected":false},"author":1,"featured_media":0,"parent":0,"menu_order":3,"comment_status":"closed","ping_status":"closed","template":"","meta":{"footnotes":""},"class_list":["post-14","page","type-page","status-publish","hentry"],"_links":{"self":[{"href":"https:\/\/www.uwe-burkert.de\/index.php?rest_route=\/wp\/v2\/pages\/14","targetHints":{"allow":["GET"]}}],"collection":[{"href":"https:\/\/www.uwe-burkert.de\/index.php?rest_route=\/wp\/v2\/pages"}],"about":[{"href":"https:\/\/www.uwe-burkert.de\/index.php?rest_route=\/wp\/v2\/types\/page"}],"author":[{"embeddable":true,"href":"https:\/\/www.uwe-burkert.de\/index.php?rest_route=\/wp\/v2\/users\/1"}],"replies":[{"embeddable":true,"href":"https:\/\/www.uwe-burkert.de\/index.php?rest_route=%2Fwp%2Fv2%2Fcomments&post=14"}],"version-history":[{"count":4,"href":"https:\/\/www.uwe-burkert.de\/index.php?rest_route=\/wp\/v2\/pages\/14\/revisions"}],"predecessor-version":[{"id":78,"href":"https:\/\/www.uwe-burkert.de\/index.php?rest_route=\/wp\/v2\/pages\/14\/revisions\/78"}],"wp:attachment":[{"href":"https:\/\/www.uwe-burkert.de\/index.php?rest_route=%2Fwp%2Fv2%2Fmedia&parent=14"}],"curies":[{"name":"wp","href":"https:\/\/api.w.org\/{rel}","templated":true}]}}